{"id":4522,"date":"2022-02-01T08:22:09","date_gmt":"2022-02-01T07:22:09","guid":{"rendered":"https:\/\/formulagt.brandlevel.dev\/produkt\/nockenwelle-sport-alfa-ts-grundkreis-275-mm\/"},"modified":"2023-11-20T16:08:48","modified_gmt":"2023-11-20T15:08:48","slug":"nockenwelle-sport-alfa-ts-grundkreis-275-mm","status":"publish","type":"product","link":"https:\/\/shop.formulagt.de\/en\/produkt\/nockenwelle-sport-alfa-ts-grundkreis-275-mm\/","title":{"rendered":"Camshaft Alfa TS"},"content":{"rendered":"<p>Camshaft per piece for Alfa TS engines. All our camshafts are made of solid material and surface-nitrided.<br \/>\nWe have a total of 3 different profiles for TS motors.<br \/>\nThe camshafts are always labelled, so that even after many years, everyone always has the setting values at hand.<br \/>\nThe camshafts are about 30 % lighter than the standard shafts.<\/p>\n<p>The base circle is normally 27.5mm - 29.0mm is possible.<\/p>\n<p>Example of a caption: <em><strong>formulaGT TSE08\/4.2\/0.22<\/strong><\/em><\/p>\n<p><em><strong>TSE08\u00a0<\/strong><\/em><em>is our profile number\/\/\u00a0<\/em><strong>4.2mm <\/strong>Stroke in TDC with adjusted valve clearance \/\/\/\u00a0<em><strong>0,22\u00a0<\/strong><\/em><em>mm Valve clearance (0.20 to 0.24)<\/em><\/p>\n<p>&nbsp;<\/p>","protected":false},"excerpt":{"rendered":"<p>Nockenwelle pro St\u00fcck f\u00fcr Alfa-TS-Motoren. Alle unsere Nockenwellen sind aus Vollmaterial gefertigt und Oberfl\u00e4chen-nitriert. Wir haben insgesamt 3 verschiedene Profile f\u00fcr TS Motoren. Die Nockenwellen sind immer beschriftet, sodass auch jeder nach vielen Jahren immer die Einstellwerte parat hat. Die Nockenwellen sind rund 30 % leichter, als die Serienwellen. Der Grundkreis betr\u00e4gt im Normalfall 27,5mm [&hellip;]<\/p>\n","protected":false},"featured_media":6303,"template":"","meta":[],"product_brand":[],"product_cat":[54],"product_tag":[69],"class_list":{"0":"post-4522","1":"product","2":"type-product","3":"status-publish","4":"has-post-thumbnail","6":"product_cat-motorteile","7":"product_tag-alfa-romeo","9":"first","10":"instock","11":"taxable","12":"shipping-taxable","13":"purchasable","14":"product-type-variable"},"_links":{"self":[{"href":"https:\/\/shop.formulagt.de\/en\/wp-json\/wp\/v2\/product\/4522","targetHints":{"allow":["GET"]}}],"collection":[{"href":"https:\/\/shop.formulagt.de\/en\/wp-json\/wp\/v2\/product"}],"about":[{"href":"https:\/\/shop.formulagt.de\/en\/wp-json\/wp\/v2\/types\/product"}],"version-history":[{"count":1,"href":"https:\/\/shop.formulagt.de\/en\/wp-json\/wp\/v2\/product\/4522\/revisions"}],"predecessor-version":[{"id":6993,"href":"https:\/\/shop.formulagt.de\/en\/wp-json\/wp\/v2\/product\/4522\/revisions\/6993"}],"wp:featuredmedia":[{"embeddable":true,"href":"https:\/\/shop.formulagt.de\/en\/wp-json\/wp\/v2\/media\/6303"}],"wp:attachment":[{"href":"https:\/\/shop.formulagt.de\/en\/wp-json\/wp\/v2\/media?parent=4522"}],"wp:term":[{"taxonomy":"product_brand","embeddable":true,"href":"https:\/\/shop.formulagt.de\/en\/wp-json\/wp\/v2\/product_brand?post=4522"},{"taxonomy":"product_cat","embeddable":true,"href":"https:\/\/shop.formulagt.de\/en\/wp-json\/wp\/v2\/product_cat?post=4522"},{"taxonomy":"product_tag","embeddable":true,"href":"https:\/\/shop.formulagt.de\/en\/wp-json\/wp\/v2\/product_tag?post=4522"}],"curies":[{"name":"wp","href":"https:\/\/api.w.org\/{rel}","templated":true}]}}