{"id":4484,"date":"2021-12-21T13:21:55","date_gmt":"2021-12-21T12:21:55","guid":{"rendered":"https:\/\/formulagt.brandlevel.dev\/produkt\/stabilisator-einstellbar-f-308\/"},"modified":"2022-02-08T14:13:17","modified_gmt":"2022-02-08T13:13:17","slug":"stabilisator-einstellbar-f-308","status":"publish","type":"product","link":"https:\/\/shop.formulagt.de\/en\/produkt\/stabilisator-einstellbar-f-308\/","title":{"rendered":"Stabiliser adjustable F 308"},"content":{"rendered":"<p>Stabiliser adjustable Ferrari 308<\/p>\n<p>Adjustable anti-roll bar kit for Ferrari 308. The profile solution for professional motorsport.<\/p>\n<p>This calculated stabiliser is 4-way adjustable on both sides. The softest setting corresponds to the hardness of the original stabiliser. The hardest setting is 4 times as hard. With this, a perfect suspension set-up can be individually adjusted in the shortest possible time.<br \/>\nThe kit contains all the necessary components. The mounting on the wishbone must be welded.<\/p>","protected":false},"excerpt":{"rendered":"<p>Stabilisator einstellbar Ferrari 308 Einstellbarers Stabilisator-Kit f\u00fcr Ferrari 308. Die Profil\u00f6sung f\u00fcr professionellen Motorsport. Dieser berechnete Stabilisator ist beidseitig 4-fach einstellbar. Die weichste Enstellung entspricht ca. der H\u00e4rte des Originalstabilisators. Die h\u00e4rteste Einstellung ist 4 mal so hart. Hiermit kann ein perfektes Fahrwerkssetup individuell in k\u00fcrzester Zeit eingestellt werden. Das Kit beinhaltet alle erforderlichen Bauteile. [&hellip;]<\/p>\n","protected":false},"featured_media":6284,"template":"","meta":[],"product_brand":[],"product_cat":[55],"product_tag":[71],"class_list":{"0":"post-4484","1":"product","2":"type-product","3":"status-publish","4":"has-post-thumbnail","6":"product_cat-fahrwerk","7":"product_tag-ferrari","9":"first","10":"instock","11":"taxable","12":"shipping-taxable","13":"purchasable","14":"product-type-simple"},"_links":{"self":[{"href":"https:\/\/shop.formulagt.de\/en\/wp-json\/wp\/v2\/product\/4484","targetHints":{"allow":["GET"]}}],"collection":[{"href":"https:\/\/shop.formulagt.de\/en\/wp-json\/wp\/v2\/product"}],"about":[{"href":"https:\/\/shop.formulagt.de\/en\/wp-json\/wp\/v2\/types\/product"}],"version-history":[{"count":0,"href":"https:\/\/shop.formulagt.de\/en\/wp-json\/wp\/v2\/product\/4484\/revisions"}],"wp:featuredmedia":[{"embeddable":true,"href":"https:\/\/shop.formulagt.de\/en\/wp-json\/wp\/v2\/media\/6284"}],"wp:attachment":[{"href":"https:\/\/shop.formulagt.de\/en\/wp-json\/wp\/v2\/media?parent=4484"}],"wp:term":[{"taxonomy":"product_brand","embeddable":true,"href":"https:\/\/shop.formulagt.de\/en\/wp-json\/wp\/v2\/product_brand?post=4484"},{"taxonomy":"product_cat","embeddable":true,"href":"https:\/\/shop.formulagt.de\/en\/wp-json\/wp\/v2\/product_cat?post=4484"},{"taxonomy":"product_tag","embeddable":true,"href":"https:\/\/shop.formulagt.de\/en\/wp-json\/wp\/v2\/product_tag?post=4484"}],"curies":[{"name":"wp","href":"https:\/\/api.w.org\/{rel}","templated":true}]}}