{"id":4415,"date":"2021-12-21T13:21:30","date_gmt":"2021-12-21T12:21:30","guid":{"rendered":"https:\/\/formulagt.brandlevel.dev\/produkt\/ansaugbruecke-f-308\/"},"modified":"2023-08-18T18:30:36","modified_gmt":"2023-08-18T16:30:36","slug":"ansaugbruecke-f-308","status":"publish","type":"product","link":"https:\/\/shop.formulagt.de\/en\/produkt\/ansaugbruecke-f-308\/","title":{"rendered":"Intake manifold F 308"},"content":{"rendered":"<p>Intake manifold Ferrari 308 4 V \/ 328 carburettor<\/p>\n<p>2 piece intake manifold for conversion of 308-4V or 328 engines to IDF44 carburettors or single throttle parts. For DCOE connection available on request. The intake manifold is machined from the solid. The intake duct is manufactured on a 5-axis machine. The duct goes from round to oval and takes into account the axial offset from duct centre cylinder head to duct centre carburettor. At the same time, a linear throttle acceleration is achieved.<br \/>\nThis means that the cross-section is reduced linearly to achieve optimum flow results. However, the cross-sections are also not too large in order to still achieve good response in the lower and medium speed range.<br \/>\nWith these bridges we achieve up to 420 hp at 8,000 rpm with a very nice torque curve.<\/p>","protected":false},"excerpt":{"rendered":"<p>Ansaugbr\u00fccke Ferrari 308 4 V \/ 328 Vergaser 2 St\u00fcck Ansaugbr\u00fccke zum Umbau von 308-4V- oder 328-Motoren auf IDF44-Vergaser oder Einzeldrosselklappenteile. F\u00fcr DCOE Anschlu\u00df auf Anfrage lieferbar. Die Ansaugbr\u00fccke ist aus dem Vollen gefr\u00e4st. Der Ansaugkanal wird auf einer 5-Achsenmaschine hergestellt. Der Kanal geht von rund auf oval und ber\u00fccksichtigt den Achsversatz von Kanalmitte Zylinderkopf [&hellip;]<\/p>\n","protected":false},"featured_media":6320,"template":"","meta":[],"product_brand":[],"product_cat":[54],"product_tag":[71],"class_list":{"0":"post-4415","1":"product","2":"type-product","3":"status-publish","4":"has-post-thumbnail","6":"product_cat-motorteile","7":"product_tag-ferrari","9":"first","10":"instock","11":"taxable","12":"shipping-taxable","13":"purchasable","14":"product-type-simple"},"_links":{"self":[{"href":"https:\/\/shop.formulagt.de\/en\/wp-json\/wp\/v2\/product\/4415","targetHints":{"allow":["GET"]}}],"collection":[{"href":"https:\/\/shop.formulagt.de\/en\/wp-json\/wp\/v2\/product"}],"about":[{"href":"https:\/\/shop.formulagt.de\/en\/wp-json\/wp\/v2\/types\/product"}],"version-history":[{"count":1,"href":"https:\/\/shop.formulagt.de\/en\/wp-json\/wp\/v2\/product\/4415\/revisions"}],"predecessor-version":[{"id":6986,"href":"https:\/\/shop.formulagt.de\/en\/wp-json\/wp\/v2\/product\/4415\/revisions\/6986"}],"wp:featuredmedia":[{"embeddable":true,"href":"https:\/\/shop.formulagt.de\/en\/wp-json\/wp\/v2\/media\/6320"}],"wp:attachment":[{"href":"https:\/\/shop.formulagt.de\/en\/wp-json\/wp\/v2\/media?parent=4415"}],"wp:term":[{"taxonomy":"product_brand","embeddable":true,"href":"https:\/\/shop.formulagt.de\/en\/wp-json\/wp\/v2\/product_brand?post=4415"},{"taxonomy":"product_cat","embeddable":true,"href":"https:\/\/shop.formulagt.de\/en\/wp-json\/wp\/v2\/product_cat?post=4415"},{"taxonomy":"product_tag","embeddable":true,"href":"https:\/\/shop.formulagt.de\/en\/wp-json\/wp\/v2\/product_tag?post=4415"}],"curies":[{"name":"wp","href":"https:\/\/api.w.org\/{rel}","templated":true}]}}