{"id":4387,"date":"2021-12-21T13:21:23","date_gmt":"2021-12-21T12:21:23","guid":{"rendered":"https:\/\/formulagt.brandlevel.dev\/produkt\/antriebsw-motor-schwungscheibe\/"},"modified":"2022-02-08T11:02:20","modified_gmt":"2022-02-08T10:02:20","slug":"antriebswelle-ferrari-348-355-motor-schwungscheibe","status":"publish","type":"product","link":"https:\/\/shop.formulagt.de\/en\/produkt\/antriebswelle-ferrari-348-355-motor-schwungscheibe\/","title":{"rendered":"Drive shaft Ferrari 348 355 Engine flywheel"},"content":{"rendered":"<p>Drive shaft engine flywheel F355\/348 - spare part number 162909<\/p>\n<p>From our own design\/production. These drive shafts often crack in the original dimensions.<br \/>\nWe have modified the design and manufactured the shaft according to the latest findings. This shaft has never broken. Not even with our 500 hp engines with heavily lightened, unsprung flywheels.<br \/>\nWe can also supply an adapter to connect the drive shaft to the KW of an F 360.<br \/>\nThe price for this is \u20ac 535.50 incl. VAT.<\/p>","protected":false},"excerpt":{"rendered":"<p>Antriebswelle Motor-Schwungscheibe F355\/348 &#8211; Ersatzteilnummer 162909 Aus eigener Konstruktion\/Fertigung. Diese Antriebswellen rei\u00dfen in den originalen Abmessungen h\u00e4ufig. Wir haben die Konstruktion abge\u00e4ndert und die Welle nach neuesten Erkenntnissen gefertig. Diese Welle ist noch nie kaputtgegangen. Auch nicht bei unseren 500-PS-Motoren mit stark erleichterten, ungefederten Schwungmassen. Wir k\u00f6nnen auch einen Adapter liefern, um die Antriebswelle mit [&hellip;]<\/p>\n","protected":false},"featured_media":4389,"template":"","meta":[],"product_brand":[],"product_cat":[56],"product_tag":[71],"class_list":{"0":"post-4387","1":"product","2":"type-product","3":"status-publish","4":"has-post-thumbnail","6":"product_cat-antrieb","7":"product_tag-ferrari","9":"first","10":"instock","11":"taxable","12":"shipping-taxable","13":"purchasable","14":"product-type-simple"},"_links":{"self":[{"href":"https:\/\/shop.formulagt.de\/en\/wp-json\/wp\/v2\/product\/4387","targetHints":{"allow":["GET"]}}],"collection":[{"href":"https:\/\/shop.formulagt.de\/en\/wp-json\/wp\/v2\/product"}],"about":[{"href":"https:\/\/shop.formulagt.de\/en\/wp-json\/wp\/v2\/types\/product"}],"version-history":[{"count":0,"href":"https:\/\/shop.formulagt.de\/en\/wp-json\/wp\/v2\/product\/4387\/revisions"}],"wp:featuredmedia":[{"embeddable":true,"href":"https:\/\/shop.formulagt.de\/en\/wp-json\/wp\/v2\/media\/4389"}],"wp:attachment":[{"href":"https:\/\/shop.formulagt.de\/en\/wp-json\/wp\/v2\/media?parent=4387"}],"wp:term":[{"taxonomy":"product_brand","embeddable":true,"href":"https:\/\/shop.formulagt.de\/en\/wp-json\/wp\/v2\/product_brand?post=4387"},{"taxonomy":"product_cat","embeddable":true,"href":"https:\/\/shop.formulagt.de\/en\/wp-json\/wp\/v2\/product_cat?post=4387"},{"taxonomy":"product_tag","embeddable":true,"href":"https:\/\/shop.formulagt.de\/en\/wp-json\/wp\/v2\/product_tag?post=4387"}],"curies":[{"name":"wp","href":"https:\/\/api.w.org\/{rel}","templated":true}]}}