{"id":4379,"date":"2021-12-21T13:21:19","date_gmt":"2021-12-21T12:21:19","guid":{"rendered":"https:\/\/formulagt.brandlevel.dev\/produkt\/getriebe-ueberholt\/"},"modified":"2026-02-27T13:21:09","modified_gmt":"2026-02-27T12:21:09","slug":"getriebe-ueberholt","status":"publish","type":"product","link":"https:\/\/shop.formulagt.de\/en\/produkt\/getriebe-ueberholt\/","title":{"rendered":"Gearbox Alfa 105 lightweight"},"content":{"rendered":"<p>Gearbox AR 105 erleichert complete rebuilt with original G\u00f6tze syncro rings with original ratios<br \/>\nstrongly lightened gears (5 pieces)<br \/>\nAn hourly gearbox overhaul with only tried and tested, high-quality parts costs \u20ac2900 net.<br \/>\nHere, your delivered gearbox is completely overhauled and the gears shown are greatly lightened.<br \/>\nThe gearbox is unrecognisable in terms of shift behaviour.<br \/>\nThe rotating masses are lightened so much that the synchroniser rings have to work much less. The gearshifts can be carried out more easily and, above all, much faster. If you do not deliver a gearbox, we require a deposit of 952,- \u20ac incl. VAT and deliver without clutch bell.<\/p>","protected":false},"excerpt":{"rendered":"<p>Getriebe AR 105 erleichert complete rebuilt with original G\u00f6tze syncro rings with original ratios strongly lightened gears (5 pieces) Eine std. Getriebe\u00fcberholung mit ausschlie\u00dflich erprobten und qualitativ sehr hochwertigen Teilen kostet bei uns 2900 \u20ac netto. Hier wird ihr angeliefertes Getriebe komplett \u00fcberholt und die abgebildeten Zahnr\u00e4der stark erleichtert. Das Getriebe ist so vom Schaltverhalten [&hellip;]<\/p>\n","protected":false},"featured_media":6285,"template":"","meta":[],"product_brand":[],"product_cat":[56],"product_tag":[69],"class_list":{"0":"post-4379","1":"product","2":"type-product","3":"status-publish","4":"has-post-thumbnail","6":"product_cat-antrieb","7":"product_tag-alfa-romeo","9":"first","10":"instock","11":"taxable","12":"shipping-taxable","13":"purchasable","14":"product-type-simple"},"_links":{"self":[{"href":"https:\/\/shop.formulagt.de\/en\/wp-json\/wp\/v2\/product\/4379","targetHints":{"allow":["GET"]}}],"collection":[{"href":"https:\/\/shop.formulagt.de\/en\/wp-json\/wp\/v2\/product"}],"about":[{"href":"https:\/\/shop.formulagt.de\/en\/wp-json\/wp\/v2\/types\/product"}],"version-history":[{"count":2,"href":"https:\/\/shop.formulagt.de\/en\/wp-json\/wp\/v2\/product\/4379\/revisions"}],"predecessor-version":[{"id":7028,"href":"https:\/\/shop.formulagt.de\/en\/wp-json\/wp\/v2\/product\/4379\/revisions\/7028"}],"wp:featuredmedia":[{"embeddable":true,"href":"https:\/\/shop.formulagt.de\/en\/wp-json\/wp\/v2\/media\/6285"}],"wp:attachment":[{"href":"https:\/\/shop.formulagt.de\/en\/wp-json\/wp\/v2\/media?parent=4379"}],"wp:term":[{"taxonomy":"product_brand","embeddable":true,"href":"https:\/\/shop.formulagt.de\/en\/wp-json\/wp\/v2\/product_brand?post=4379"},{"taxonomy":"product_cat","embeddable":true,"href":"https:\/\/shop.formulagt.de\/en\/wp-json\/wp\/v2\/product_cat?post=4379"},{"taxonomy":"product_tag","embeddable":true,"href":"https:\/\/shop.formulagt.de\/en\/wp-json\/wp\/v2\/product_tag?post=4379"}],"curies":[{"name":"wp","href":"https:\/\/api.w.org\/{rel}","templated":true}]}}