{"id":4342,"date":"2022-02-01T08:30:59","date_gmt":"2022-02-01T07:30:59","guid":{"rendered":"https:\/\/formulagt.brandlevel.dev\/produkt\/nockenwelle-nord-105\/"},"modified":"2023-11-20T16:09:25","modified_gmt":"2023-11-20T15:09:25","slug":"nockenwelle-nord-105","status":"publish","type":"product","link":"https:\/\/shop.formulagt.de\/en\/produkt\/nockenwelle-nord-105\/","title":{"rendered":"Camshaft North 105"},"content":{"rendered":"<p>Camshaft Alfa North 105<\/p>\n<p>We only offer plasma-nitrided camshafts manufactured from the solid. These are all hollow bored and have a surface that harmonises very well with the series tappets. We use only self-designed elevation cams, all of which have been tested on our dyno in various engine configurations. The weight saving is a whopping 37 percent.<\/p>\n<p>All camshafts are directly labelled with the required information.<\/p>\n<p>Example camshaft profile P10: <em><strong>formula GT P10\/4.4\/0.22\u00a0<\/strong><\/em><\/p>\n<p><em><strong>P10 <\/strong><\/em><em>is our profile number\/\/\u00a0<\/em><strong>4.4 <\/strong>mm<em>Valve lift in TDC, valve clearance adjusted\/\/\/<\/em><strong> 0.22<\/strong> mm Valve clearance (0.20 to 0.24)<\/p>","protected":false},"excerpt":{"rendered":"<p>Nockenwelle Alfa Nord 105 Bei uns erhalten Sie ausschlie\u00dflich aus dem Vollen gefertigte plasmanitrierte Nockenwellen. Diese sind alle hohl gebohrt und weisen eine Oberfl\u00e4che auf, die mit den Serientassenst\u00f6ssenl sehr gut harmonieren. Wir verwenden ausschlie\u00dflich selbst konstruierte Erhebungskurven, die alle an unserem Pr\u00fcfstand in verschiedenen Motorkonzepten getestet sind. Die Gewichtsersparnis betr\u00e4gt satte 37 Prozent. Alle [&hellip;]<\/p>\n","protected":false},"featured_media":6301,"template":"","meta":[],"product_brand":[],"product_cat":[54],"product_tag":[69],"class_list":{"0":"post-4342","1":"product","2":"type-product","3":"status-publish","4":"has-post-thumbnail","6":"product_cat-motorteile","7":"product_tag-alfa-romeo","8":"pa_nockenwelle-alfanord-105-105-p07","9":"pa_nockenwelle-alfanord-105-105-p08","10":"pa_nockenwelle-alfanord-105-105-p09","11":"pa_nockenwelle-alfanord-105-105-p10","12":"pa_nockenwelle-alfanord-105-105-p11","13":"pa_nockenwelle-alfanord-105-105-p12","14":"pa_nockenwelle-alfanord-105-105-p13","15":"pa_nockenwelle-alfanord-105-105-p61","16":"pa_nockenwelle-alfanord-105-105-p62","18":"first","19":"instock","20":"taxable","21":"shipping-taxable","22":"purchasable","23":"product-type-variable"},"_links":{"self":[{"href":"https:\/\/shop.formulagt.de\/en\/wp-json\/wp\/v2\/product\/4342","targetHints":{"allow":["GET"]}}],"collection":[{"href":"https:\/\/shop.formulagt.de\/en\/wp-json\/wp\/v2\/product"}],"about":[{"href":"https:\/\/shop.formulagt.de\/en\/wp-json\/wp\/v2\/types\/product"}],"version-history":[{"count":2,"href":"https:\/\/shop.formulagt.de\/en\/wp-json\/wp\/v2\/product\/4342\/revisions"}],"predecessor-version":[{"id":6944,"href":"https:\/\/shop.formulagt.de\/en\/wp-json\/wp\/v2\/product\/4342\/revisions\/6944"}],"wp:featuredmedia":[{"embeddable":true,"href":"https:\/\/shop.formulagt.de\/en\/wp-json\/wp\/v2\/media\/6301"}],"wp:attachment":[{"href":"https:\/\/shop.formulagt.de\/en\/wp-json\/wp\/v2\/media?parent=4342"}],"wp:term":[{"taxonomy":"product_brand","embeddable":true,"href":"https:\/\/shop.formulagt.de\/en\/wp-json\/wp\/v2\/product_brand?post=4342"},{"taxonomy":"product_cat","embeddable":true,"href":"https:\/\/shop.formulagt.de\/en\/wp-json\/wp\/v2\/product_cat?post=4342"},{"taxonomy":"product_tag","embeddable":true,"href":"https:\/\/shop.formulagt.de\/en\/wp-json\/wp\/v2\/product_tag?post=4342"}],"curies":[{"name":"wp","href":"https:\/\/api.w.org\/{rel}","templated":true}]}}