{"id":3983,"date":"2021-12-21T13:20:37","date_gmt":"2021-12-21T12:20:37","guid":{"rendered":"https:\/\/formulagt.brandlevel.dev\/produkt\/zahnriemensatz-modernes-profil-einstellbar-f308-328-2v-4v\/"},"modified":"2022-02-08T15:10:08","modified_gmt":"2022-02-08T14:10:08","slug":"zahnriemensatz-f308-328","status":"publish","type":"product","link":"https:\/\/shop.formulagt.de\/en\/produkt\/zahnriemensatz-f308-328\/","title":{"rendered":"Timing belt set F308\/328"},"content":{"rendered":"<p>Timing belt set modern profile adjustable F308\/328 2V\/4V<\/p>\n<p>This is the ultimate timing belt solution for all classic Ferrari V8s. The timing can be adjusted steplessly with the least amount of effort. This timing belt profile is used in the F 355, for example. The system can theoretically transmit 4 times the power compared to the old profile. We also offer special solutions, for example to be able to drive a dry sump or servo pump directly via the intermediate wheel.<br \/>\nThe kit includes 4 adjustable belt wheels, 2 drive wheels and 2 toothed belts.<\/p>\n<p>ATTENTION: There are different inner diameters for the drive wheels. PLEASE be sure to specify!<\/p>","protected":false},"excerpt":{"rendered":"<p>Zahnriemensatz modernes Profil einstellbar F308\/328 2V\/4V Das ist die ultimative Zahnriemenl\u00f6sung f\u00fcr alle klassischen Ferrari V8. Die Steuerzeiten k\u00f6nnen stufenlos mit geringstem Aufwand eingestellt werden. Dieses Zahnriemenprofil wird beispielsweise im F 355 verwendet. Das System kann theoretisch die 4-fache Kraft im Vergleich zum alten Profil \u00fcbertragen. Wir bieten auch Sonderl\u00f6sungen an, um beispielsweise direkt \u00fcber [&hellip;]<\/p>\n","protected":false},"featured_media":6576,"template":"","meta":[],"product_brand":[],"product_cat":[54],"product_tag":[71],"class_list":{"0":"post-3983","1":"product","2":"type-product","3":"status-publish","4":"has-post-thumbnail","6":"product_cat-motorteile","7":"product_tag-ferrari","8":"pa_ventile-89","9":"pa_ventile-90","11":"first","12":"instock","13":"taxable","14":"shipping-taxable","15":"purchasable","16":"product-type-variable"},"_links":{"self":[{"href":"https:\/\/shop.formulagt.de\/en\/wp-json\/wp\/v2\/product\/3983","targetHints":{"allow":["GET"]}}],"collection":[{"href":"https:\/\/shop.formulagt.de\/en\/wp-json\/wp\/v2\/product"}],"about":[{"href":"https:\/\/shop.formulagt.de\/en\/wp-json\/wp\/v2\/types\/product"}],"version-history":[{"count":0,"href":"https:\/\/shop.formulagt.de\/en\/wp-json\/wp\/v2\/product\/3983\/revisions"}],"wp:featuredmedia":[{"embeddable":true,"href":"https:\/\/shop.formulagt.de\/en\/wp-json\/wp\/v2\/media\/6576"}],"wp:attachment":[{"href":"https:\/\/shop.formulagt.de\/en\/wp-json\/wp\/v2\/media?parent=3983"}],"wp:term":[{"taxonomy":"product_brand","embeddable":true,"href":"https:\/\/shop.formulagt.de\/en\/wp-json\/wp\/v2\/product_brand?post=3983"},{"taxonomy":"product_cat","embeddable":true,"href":"https:\/\/shop.formulagt.de\/en\/wp-json\/wp\/v2\/product_cat?post=3983"},{"taxonomy":"product_tag","embeddable":true,"href":"https:\/\/shop.formulagt.de\/en\/wp-json\/wp\/v2\/product_tag?post=3983"}],"curies":[{"name":"wp","href":"https:\/\/api.w.org\/{rel}","templated":true}]}}