{"id":5991,"date":"2022-01-27T17:03:10","date_gmt":"2022-01-27T16:03:10","guid":{"rendered":"https:\/\/shop.formulagt.de\/?page_id=5991"},"modified":"2022-01-27T17:43:00","modified_gmt":"2022-01-27T16:43:00","slug":"zahlungsmoeglichkeiten","status":"publish","type":"page","link":"https:\/\/shop.formulagt.de\/en\/zahlungsmoeglichkeiten\/","title":{"rendered":"Payment options"},"content":{"rendered":"<div data-elementor-type=\"wp-page\" data-elementor-id=\"5991\" class=\"elementor elementor-5991\" data-elementor-post-type=\"page\">\n\t\t\t\t\t\t<section class=\"elementor-section elementor-top-section elementor-element elementor-element-c9343ff elementor-section-stretched elementor-section-boxed elementor-section-height-default elementor-section-height-default\" data-id=\"c9343ff\" data-element_type=\"section\" data-e-type=\"section\" data-settings=\"{&quot;stretch_section&quot;:&quot;section-stretched&quot;}\">\n\t\t\t\t\t\t\t<div class=\"elementor-background-overlay\"><\/div>\n\t\t\t\t\t\t\t<div class=\"elementor-container elementor-column-gap-default\">\n\t\t\t\t\t<div class=\"elementor-column elementor-col-100 elementor-top-column elementor-element elementor-element-59c1052\" data-id=\"59c1052\" data-element_type=\"column\" data-e-type=\"column\">\n\t\t\t<div class=\"elementor-widget-wrap elementor-element-populated\">\n\t\t\t\t\t\t<div class=\"elementor-element elementor-element-80d4402 elementor-widget elementor-widget-spacer\" data-id=\"80d4402\" data-element_type=\"widget\" data-e-type=\"widget\" data-widget_type=\"spacer.default\">\n\t\t\t\t<div class=\"elementor-widget-container\">\n\t\t\t\t\t\t\t<div class=\"elementor-spacer\">\n\t\t\t<div class=\"elementor-spacer-inner\"><\/div>\n\t\t<\/div>\n\t\t\t\t\t\t<\/div>\n\t\t\t\t<\/div>\n\t\t\t\t\t<\/div>\n\t\t<\/div>\n\t\t\t\t\t<\/div>\n\t\t<\/section>\n\t\t\t\t<section class=\"elementor-section elementor-top-section elementor-element elementor-element-81fe924 elementor-section-stretched elementor-section-boxed elementor-section-height-default elementor-section-height-default\" data-id=\"81fe924\" data-element_type=\"section\" data-e-type=\"section\" data-settings=\"{&quot;background_background&quot;:&quot;classic&quot;,&quot;stretch_section&quot;:&quot;section-stretched&quot;}\">\n\t\t\t\t\t\t<div class=\"elementor-container elementor-column-gap-default\">\n\t\t\t\t\t<div class=\"elementor-column elementor-col-100 elementor-top-column elementor-element elementor-element-0a428d5\" data-id=\"0a428d5\" data-element_type=\"column\" data-e-type=\"column\" data-settings=\"{&quot;background_background&quot;:&quot;classic&quot;}\">\n\t\t\t<div class=\"elementor-widget-wrap elementor-element-populated\">\n\t\t\t\t\t\t<div class=\"elementor-element elementor-element-e8ae74c elementor-widget elementor-widget-heading\" data-id=\"e8ae74c\" data-element_type=\"widget\" data-e-type=\"widget\" data-widget_type=\"heading.default\">\n\t\t\t\t<div class=\"elementor-widget-container\">\n\t\t\t\t\t<h2 class=\"elementor-heading-title elementor-size-default\">Racing for Enthusiasts<\/h2>\t\t\t\t<\/div>\n\t\t\t\t<\/div>\n\t\t\t\t<div class=\"elementor-element elementor-element-7da74b3 elementor-widget-divider--view-line elementor-widget elementor-widget-divider\" data-id=\"7da74b3\" data-element_type=\"widget\" data-e-type=\"widget\" data-widget_type=\"divider.default\">\n\t\t\t\t<div class=\"elementor-widget-container\">\n\t\t\t\t\t\t\t<div class=\"elementor-divider\">\n\t\t\t<span class=\"elementor-divider-separator\">\n\t\t\t\t\t\t<\/span>\n\t\t<\/div>\n\t\t\t\t\t\t<\/div>\n\t\t\t\t<\/div>\n\t\t\t\t\t<\/div>\n\t\t<\/div>\n\t\t\t\t\t<\/div>\n\t\t<\/section>\n\t\t\t\t<section class=\"elementor-section elementor-top-section elementor-element elementor-element-066288e elementor-section-boxed elementor-section-height-default elementor-section-height-default\" data-id=\"066288e\" data-element_type=\"section\" data-e-type=\"section\">\n\t\t\t\t\t\t\t<div class=\"elementor-background-overlay\"><\/div>\n\t\t\t\t\t\t\t<div class=\"elementor-container elementor-column-gap-default\">\n\t\t\t\t\t<div class=\"elementor-column elementor-col-50 elementor-top-column elementor-element elementor-element-99055f2\" data-id=\"99055f2\" data-element_type=\"column\" data-e-type=\"column\">\n\t\t\t<div class=\"elementor-widget-wrap elementor-element-populated\">\n\t\t\t\t\t\t<div class=\"elementor-element elementor-element-22aa4d7 elementor-widget elementor-widget-heading\" data-id=\"22aa4d7\" data-element_type=\"widget\" data-e-type=\"widget\" data-widget_type=\"heading.default\">\n\t\t\t\t<div class=\"elementor-widget-container\">\n\t\t\t\t\t<h2 class=\"elementor-heading-title elementor-size-default\">Payment options<\/h2>\t\t\t\t<\/div>\n\t\t\t\t<\/div>\n\t\t\t\t<div class=\"elementor-element elementor-element-907c485 elementor-widget elementor-widget-text-editor\" data-id=\"907c485\" data-element_type=\"widget\" data-e-type=\"widget\" data-widget_type=\"text-editor.default\">\n\t\t\t\t<div class=\"elementor-widget-container\">\n\t\t\t\t\t\t\t\t\t<p class=\"p1\">You have the following payment options with us:<\/p><h5>1) PROCASSE<\/h5><p>The payment period for advance payment is 14 days. When transferring money, please make sure to state your order number in the reason for payment and to transfer different orders separately. This is the only way we can correctly allocate your payment. The goods will be dispatched immediately after receipt of payment.<\/p><p class=\"p1\">Bank details for SEPA bank transfer:<\/p><p class=\"p1\">Bank: Commerzbank Munich<br \/>Account holder: formula GT<br \/>IBAN: DE40 7004 0041 0224 3921 00<br \/>BIC (SWIFT): COBADEFFXXX<\/p><h5><br \/>2) CREDIT CARD<\/h5><p>You can pay with MasterCard, VISA or American Express. Please have your card ready and enter all relevant data in the fields provided. For your records, you will also receive a transaction receipt by e-mail from our online payment service provider TeleCash.<\/p><h5><br \/>3) PAYPAL<\/h5><p>Over 15 million people in Germany alone pay with PayPal. On the one hand, because it is quick and easy to pay with email and password, and on the other hand, because the buyer protection and account overview are particularly secure for buyers and sellers. If you choose PayPal payment, you will be securely redirected to PayPal and enter your data directly at PayPal.<\/p>\t\t\t\t\t\t\t\t<\/div>\n\t\t\t\t<\/div>\n\t\t\t\t\t<\/div>\n\t\t<\/div>\n\t\t\t\t<div class=\"elementor-column elementor-col-50 elementor-top-column elementor-element elementor-element-1a135f5\" data-id=\"1a135f5\" data-element_type=\"column\" data-e-type=\"column\">\n\t\t\t<div class=\"elementor-widget-wrap elementor-element-populated\">\n\t\t\t\t\t\t<div class=\"elementor-element elementor-element-f38c70f elementor-widget elementor-widget-image\" data-id=\"f38c70f\" data-element_type=\"widget\" data-e-type=\"widget\" data-widget_type=\"image.default\">\n\t\t\t\t<div class=\"elementor-widget-container\">\n\t\t\t\t\t\t\t\t\t\t\t\t\t\t\t<img fetchpriority=\"high\" decoding=\"async\" width=\"335\" height=\"368\" src=\"https:\/\/shop.formulagt.de\/wp-content\/uploads\/2020\/12\/formulagt-felgenmutter.png\" class=\"attachment-full size-full wp-image-285\" alt=\"\" srcset=\"https:\/\/shop.formulagt.de\/wp-content\/uploads\/2020\/12\/formulagt-felgenmutter.png 335w, https:\/\/shop.formulagt.de\/wp-content\/uploads\/2020\/12\/formulagt-felgenmutter-273x300.png 273w\" sizes=\"(max-width: 335px) 100vw, 335px\" \/>\t\t\t\t\t\t\t\t\t\t\t\t\t\t\t<\/div>\n\t\t\t\t<\/div>\n\t\t\t\t\t<\/div>\n\t\t<\/div>\n\t\t\t\t\t<\/div>\n\t\t<\/section>\n\t\t\t\t<\/div>","protected":false},"excerpt":{"rendered":"<p>Racing for Enthusiasts Zahlungsm\u00f6glichkeiten Bei uns haben Sie folgende Zahlungsm\u00f6glichkeiten: 1) VORKASSE Die Zahlungsfrist bei Vorkasse betr\u00e4gt 14 Tage. Bitte achten Sie bei der \u00dcberweisung darauf, im Verwendungszweck Ihre Bestellnummer anzugeben und unterschiedliche Bestellungen separat zu \u00fcberweisen. Nur so k\u00f6nnen wir Ihre Zahlung korrekt zuordnen. Die Ware wird sofort nach Zahlungseingang versendet. Bankverbindung f\u00fcr SEPA-\u00dcberweisung: [&hellip;]<\/p>\n","protected":false},"author":2,"featured_media":0,"parent":0,"menu_order":0,"comment_status":"closed","ping_status":"closed","template":"","meta":{"footnotes":""},"class_list":["post-5991","page","type-page","status-publish","hentry"],"_links":{"self":[{"href":"https:\/\/shop.formulagt.de\/en\/wp-json\/wp\/v2\/pages\/5991","targetHints":{"allow":["GET"]}}],"collection":[{"href":"https:\/\/shop.formulagt.de\/en\/wp-json\/wp\/v2\/pages"}],"about":[{"href":"https:\/\/shop.formulagt.de\/en\/wp-json\/wp\/v2\/types\/page"}],"author":[{"embeddable":true,"href":"https:\/\/shop.formulagt.de\/en\/wp-json\/wp\/v2\/users\/2"}],"replies":[{"embeddable":true,"href":"https:\/\/shop.formulagt.de\/en\/wp-json\/wp\/v2\/comments?post=5991"}],"version-history":[{"count":0,"href":"https:\/\/shop.formulagt.de\/en\/wp-json\/wp\/v2\/pages\/5991\/revisions"}],"wp:attachment":[{"href":"https:\/\/shop.formulagt.de\/en\/wp-json\/wp\/v2\/media?parent=5991"}],"curies":[{"name":"wp","href":"https:\/\/api.w.org\/{rel}","templated":true}]}}