{"id":5962,"date":"2022-01-27T13:36:43","date_gmt":"2022-01-27T12:36:43","guid":{"rendered":"https:\/\/shop.formulagt.de\/?page_id=5962"},"modified":"2022-02-07T19:28:34","modified_gmt":"2022-02-07T18:28:34","slug":"lieferung","status":"publish","type":"page","link":"https:\/\/shop.formulagt.de\/en\/lieferung\/","title":{"rendered":"Delivery"},"content":{"rendered":"<div data-elementor-type=\"wp-page\" data-elementor-id=\"5962\" class=\"elementor elementor-5962\" data-elementor-post-type=\"page\">\n\t\t\t\t\t\t<section class=\"elementor-section elementor-top-section elementor-element elementor-element-e8e9ee9 elementor-section-stretched elementor-section-boxed elementor-section-height-default elementor-section-height-default\" data-id=\"e8e9ee9\" data-element_type=\"section\" data-e-type=\"section\" data-settings=\"{&quot;stretch_section&quot;:&quot;section-stretched&quot;}\">\n\t\t\t\t\t\t\t<div class=\"elementor-background-overlay\"><\/div>\n\t\t\t\t\t\t\t<div class=\"elementor-container elementor-column-gap-default\">\n\t\t\t\t\t<div class=\"elementor-column elementor-col-100 elementor-top-column elementor-element elementor-element-fb80cba\" data-id=\"fb80cba\" data-element_type=\"column\" data-e-type=\"column\">\n\t\t\t<div class=\"elementor-widget-wrap elementor-element-populated\">\n\t\t\t\t\t\t<div class=\"elementor-element elementor-element-be64415 elementor-widget elementor-widget-spacer\" data-id=\"be64415\" data-element_type=\"widget\" data-e-type=\"widget\" data-widget_type=\"spacer.default\">\n\t\t\t\t<div class=\"elementor-widget-container\">\n\t\t\t\t\t\t\t<div class=\"elementor-spacer\">\n\t\t\t<div class=\"elementor-spacer-inner\"><\/div>\n\t\t<\/div>\n\t\t\t\t\t\t<\/div>\n\t\t\t\t<\/div>\n\t\t\t\t\t<\/div>\n\t\t<\/div>\n\t\t\t\t\t<\/div>\n\t\t<\/section>\n\t\t\t\t<section class=\"elementor-section elementor-top-section elementor-element elementor-element-ddacf8c elementor-section-stretched elementor-section-boxed elementor-section-height-default elementor-section-height-default\" data-id=\"ddacf8c\" data-element_type=\"section\" data-e-type=\"section\" data-settings=\"{&quot;background_background&quot;:&quot;classic&quot;,&quot;stretch_section&quot;:&quot;section-stretched&quot;}\">\n\t\t\t\t\t\t<div class=\"elementor-container elementor-column-gap-default\">\n\t\t\t\t\t<div class=\"elementor-column elementor-col-100 elementor-top-column elementor-element elementor-element-37ce39d\" data-id=\"37ce39d\" data-element_type=\"column\" data-e-type=\"column\" data-settings=\"{&quot;background_background&quot;:&quot;classic&quot;}\">\n\t\t\t<div class=\"elementor-widget-wrap elementor-element-populated\">\n\t\t\t\t\t\t<div class=\"elementor-element elementor-element-32a4b1b elementor-widget elementor-widget-heading\" data-id=\"32a4b1b\" data-element_type=\"widget\" data-e-type=\"widget\" data-widget_type=\"heading.default\">\n\t\t\t\t<div class=\"elementor-widget-container\">\n\t\t\t\t\t<h2 class=\"elementor-heading-title elementor-size-default\">Racing for Enthusiasts<\/h2>\t\t\t\t<\/div>\n\t\t\t\t<\/div>\n\t\t\t\t<div class=\"elementor-element elementor-element-9764312 elementor-widget-divider--view-line elementor-widget elementor-widget-divider\" data-id=\"9764312\" data-element_type=\"widget\" data-e-type=\"widget\" data-widget_type=\"divider.default\">\n\t\t\t\t<div class=\"elementor-widget-container\">\n\t\t\t\t\t\t\t<div class=\"elementor-divider\">\n\t\t\t<span class=\"elementor-divider-separator\">\n\t\t\t\t\t\t<\/span>\n\t\t<\/div>\n\t\t\t\t\t\t<\/div>\n\t\t\t\t<\/div>\n\t\t\t\t\t<\/div>\n\t\t<\/div>\n\t\t\t\t\t<\/div>\n\t\t<\/section>\n\t\t\t\t<section class=\"elementor-section elementor-top-section elementor-element elementor-element-855bef7 elementor-section-boxed elementor-section-height-default elementor-section-height-default\" data-id=\"855bef7\" data-element_type=\"section\" data-e-type=\"section\">\n\t\t\t\t\t\t\t<div class=\"elementor-background-overlay\"><\/div>\n\t\t\t\t\t\t\t<div class=\"elementor-container elementor-column-gap-default\">\n\t\t\t\t\t<div class=\"elementor-column elementor-col-50 elementor-top-column elementor-element elementor-element-b2e62f3\" data-id=\"b2e62f3\" data-element_type=\"column\" data-e-type=\"column\">\n\t\t\t<div class=\"elementor-widget-wrap elementor-element-populated\">\n\t\t\t\t\t\t<div class=\"elementor-element elementor-element-b6f3670 elementor-widget elementor-widget-heading\" data-id=\"b6f3670\" data-element_type=\"widget\" data-e-type=\"widget\" data-widget_type=\"heading.default\">\n\t\t\t\t<div class=\"elementor-widget-container\">\n\t\t\t\t\t<h2 class=\"elementor-heading-title elementor-size-default\">Delivery and shipping costs<\/h2>\t\t\t\t<\/div>\n\t\t\t\t<\/div>\n\t\t\t\t<div class=\"elementor-element elementor-element-1552342 elementor-widget elementor-widget-text-editor\" data-id=\"1552342\" data-element_type=\"widget\" data-e-type=\"widget\" data-widget_type=\"text-editor.default\">\n\t\t\t\t<div class=\"elementor-widget-container\">\n\t\t\t\t\t\t\t\t\t<p class=\"p1\">We deliver inexpensively via UPS. During the order process, our online shop shows you the shipping costs for each available shipping method on the basis of a complete delivery. The stated shipping costs include the costs for packaging and transport.<\/p><p><strong>Orders<\/strong> and <strong>Deliveries<\/strong> via this online shop are generally in <strong>any country possible<\/strong>. The <strong>Calculation of the costs<\/strong> for deliveries within <strong>Germany<\/strong>, after <strong>Austria<\/strong>, in the <strong>Switzerland<\/strong>into which <strong>United Kingdom<\/strong> (England, Scotland, Wales and Northern Ireland), to <strong>Italy<\/strong> and after <strong>France<\/strong> will be used during the <strong>The price is calculated live during the ordering process.<br \/><br \/><\/strong>For<strong> All other countries<\/strong> please send us an eMail to <a href=\"mailto:shop@formulagt.de\">shop@formulagt.de<\/a> with indication of your <strong>Name<\/strong>, your <strong>eMail address<\/strong> and the <strong>Article number<\/strong> of the <strong>Product(s) concerned<\/strong>We will then immediately inform you of the <strong>Shipping costs<\/strong>.<\/p><p>If you have any questions, please call us on +49 (0)89 - 30 43 50 (at the applicable local rate) or contact us by mail <a href=\"mailto:shop@formulagt.de\">shop@formulagt.de<\/a>.<\/p>\t\t\t\t\t\t\t\t<\/div>\n\t\t\t\t<\/div>\n\t\t\t\t\t<\/div>\n\t\t<\/div>\n\t\t\t\t<div class=\"elementor-column elementor-col-50 elementor-top-column elementor-element elementor-element-61893b8\" data-id=\"61893b8\" data-element_type=\"column\" data-e-type=\"column\">\n\t\t\t<div class=\"elementor-widget-wrap elementor-element-populated\">\n\t\t\t\t\t\t<div class=\"elementor-element elementor-element-e6c8212 elementor-widget elementor-widget-image\" data-id=\"e6c8212\" data-element_type=\"widget\" data-e-type=\"widget\" data-widget_type=\"image.default\">\n\t\t\t\t<div class=\"elementor-widget-container\">\n\t\t\t\t\t\t\t\t\t\t\t\t\t\t\t<img fetchpriority=\"high\" decoding=\"async\" width=\"335\" height=\"368\" src=\"https:\/\/shop.formulagt.de\/wp-content\/uploads\/2020\/12\/formulagt-felgenmutter.png\" class=\"attachment-full size-full wp-image-285\" alt=\"\" srcset=\"https:\/\/shop.formulagt.de\/wp-content\/uploads\/2020\/12\/formulagt-felgenmutter.png 335w, https:\/\/shop.formulagt.de\/wp-content\/uploads\/2020\/12\/formulagt-felgenmutter-273x300.png 273w\" sizes=\"(max-width: 335px) 100vw, 335px\" \/>\t\t\t\t\t\t\t\t\t\t\t\t\t\t\t<\/div>\n\t\t\t\t<\/div>\n\t\t\t\t\t<\/div>\n\t\t<\/div>\n\t\t\t\t\t<\/div>\n\t\t<\/section>\n\t\t\t\t<\/div>","protected":false},"excerpt":{"rendered":"<p>Racing for Enthusiasts Liefer- und Versandkosten Wir liefern kosteng\u00fcnstig per UPS. Unser Onlineshop zeigt Ihnen w\u00e4hrend des Bestellvorgangs f\u00fcr die jeweils verf\u00fcgbaren Versandarten die Versandkosten auf der Basis einer Komplettlieferung an. Die angegeben Versandkosten enthalten die Kosten f\u00fcr Verpackung und Transport. Bestellungen und Lieferungen \u00fcber diesen Onlineshop sind grunds\u00e4tzlich in jedes Land m\u00f6glich. Die Berechnung [&hellip;]<\/p>\n","protected":false},"author":2,"featured_media":0,"parent":0,"menu_order":0,"comment_status":"closed","ping_status":"closed","template":"","meta":{"footnotes":""},"class_list":["post-5962","page","type-page","status-publish","hentry"],"_links":{"self":[{"href":"https:\/\/shop.formulagt.de\/en\/wp-json\/wp\/v2\/pages\/5962","targetHints":{"allow":["GET"]}}],"collection":[{"href":"https:\/\/shop.formulagt.de\/en\/wp-json\/wp\/v2\/pages"}],"about":[{"href":"https:\/\/shop.formulagt.de\/en\/wp-json\/wp\/v2\/types\/page"}],"author":[{"embeddable":true,"href":"https:\/\/shop.formulagt.de\/en\/wp-json\/wp\/v2\/users\/2"}],"replies":[{"embeddable":true,"href":"https:\/\/shop.formulagt.de\/en\/wp-json\/wp\/v2\/comments?post=5962"}],"version-history":[{"count":0,"href":"https:\/\/shop.formulagt.de\/en\/wp-json\/wp\/v2\/pages\/5962\/revisions"}],"wp:attachment":[{"href":"https:\/\/shop.formulagt.de\/en\/wp-json\/wp\/v2\/media?parent=5962"}],"curies":[{"name":"wp","href":"https:\/\/api.w.org\/{rel}","templated":true}]}}