{"id":3026,"date":"2021-02-27T08:40:15","date_gmt":"2021-02-27T07:40:15","guid":{"rendered":"https:\/\/formula-gt.brandlevel.net\/impressum\/"},"modified":"2022-02-14T20:53:47","modified_gmt":"2022-02-14T19:53:47","slug":"impressum","status":"publish","type":"page","link":"https:\/\/shop.formulagt.de\/en\/impressum\/","title":{"rendered":"Imprint"},"content":{"rendered":"<div data-elementor-type=\"wp-page\" data-elementor-id=\"3026\" class=\"elementor elementor-3026\" data-elementor-post-type=\"page\">\n\t\t\t\t\t\t<section class=\"elementor-section elementor-top-section elementor-element elementor-element-f44b751 elementor-section-stretched elementor-section-boxed elementor-section-height-default elementor-section-height-default\" data-id=\"f44b751\" data-element_type=\"section\" data-e-type=\"section\" data-settings=\"{&quot;stretch_section&quot;:&quot;section-stretched&quot;}\">\n\t\t\t\t\t\t\t<div class=\"elementor-background-overlay\"><\/div>\n\t\t\t\t\t\t\t<div class=\"elementor-container elementor-column-gap-default\">\n\t\t\t\t\t<div class=\"elementor-column elementor-col-100 elementor-top-column elementor-element elementor-element-5677fa6\" data-id=\"5677fa6\" data-element_type=\"column\" data-e-type=\"column\">\n\t\t\t<div class=\"elementor-widget-wrap elementor-element-populated\">\n\t\t\t\t\t\t<div class=\"elementor-element elementor-element-d5d166e elementor-widget elementor-widget-spacer\" data-id=\"d5d166e\" data-element_type=\"widget\" data-e-type=\"widget\" data-widget_type=\"spacer.default\">\n\t\t\t\t<div class=\"elementor-widget-container\">\n\t\t\t\t\t\t\t<div class=\"elementor-spacer\">\n\t\t\t<div class=\"elementor-spacer-inner\"><\/div>\n\t\t<\/div>\n\t\t\t\t\t\t<\/div>\n\t\t\t\t<\/div>\n\t\t\t\t\t<\/div>\n\t\t<\/div>\n\t\t\t\t\t<\/div>\n\t\t<\/section>\n\t\t\t\t<section class=\"elementor-section elementor-top-section elementor-element elementor-element-ced4d95 elementor-section-stretched elementor-section-boxed elementor-section-height-default elementor-section-height-default\" data-id=\"ced4d95\" data-element_type=\"section\" data-e-type=\"section\" data-settings=\"{&quot;background_background&quot;:&quot;classic&quot;,&quot;stretch_section&quot;:&quot;section-stretched&quot;}\">\n\t\t\t\t\t\t<div class=\"elementor-container elementor-column-gap-default\">\n\t\t\t\t\t<div class=\"elementor-column elementor-col-100 elementor-top-column elementor-element elementor-element-cf80ad6\" data-id=\"cf80ad6\" data-element_type=\"column\" data-e-type=\"column\" data-settings=\"{&quot;background_background&quot;:&quot;classic&quot;}\">\n\t\t\t<div class=\"elementor-widget-wrap elementor-element-populated\">\n\t\t\t\t\t\t<div class=\"elementor-element elementor-element-23d30c4 elementor-widget elementor-widget-heading\" data-id=\"23d30c4\" data-element_type=\"widget\" data-e-type=\"widget\" data-widget_type=\"heading.default\">\n\t\t\t\t<div class=\"elementor-widget-container\">\n\t\t\t\t\t<h2 class=\"elementor-heading-title elementor-size-default\">Racing for Enthusiasts<\/h2>\t\t\t\t<\/div>\n\t\t\t\t<\/div>\n\t\t\t\t<div class=\"elementor-element elementor-element-bfab027 elementor-widget-divider--view-line elementor-widget elementor-widget-divider\" data-id=\"bfab027\" data-element_type=\"widget\" data-e-type=\"widget\" data-widget_type=\"divider.default\">\n\t\t\t\t<div class=\"elementor-widget-container\">\n\t\t\t\t\t\t\t<div class=\"elementor-divider\">\n\t\t\t<span class=\"elementor-divider-separator\">\n\t\t\t\t\t\t<\/span>\n\t\t<\/div>\n\t\t\t\t\t\t<\/div>\n\t\t\t\t<\/div>\n\t\t\t\t\t<\/div>\n\t\t<\/div>\n\t\t\t\t\t<\/div>\n\t\t<\/section>\n\t\t\t\t<section class=\"elementor-section elementor-top-section elementor-element elementor-element-47cba8d elementor-section-boxed elementor-section-height-default elementor-section-height-default\" data-id=\"47cba8d\" data-element_type=\"section\" data-e-type=\"section\">\n\t\t\t\t\t\t\t<div class=\"elementor-background-overlay\"><\/div>\n\t\t\t\t\t\t\t<div class=\"elementor-container elementor-column-gap-default\">\n\t\t\t\t\t<div class=\"elementor-column elementor-col-50 elementor-top-column elementor-element elementor-element-652c1ea\" data-id=\"652c1ea\" data-element_type=\"column\" data-e-type=\"column\">\n\t\t\t<div class=\"elementor-widget-wrap elementor-element-populated\">\n\t\t\t\t\t\t<div class=\"elementor-element elementor-element-9a16037 elementor-widget elementor-widget-heading\" data-id=\"9a16037\" data-element_type=\"widget\" data-e-type=\"widget\" data-widget_type=\"heading.default\">\n\t\t\t\t<div class=\"elementor-widget-container\">\n\t\t\t\t\t<h2 class=\"elementor-heading-title elementor-size-default\">Imprint<\/h2>\t\t\t\t<\/div>\n\t\t\t\t<\/div>\n\t\t\t\t<div class=\"elementor-element elementor-element-71fc811 elementor-widget elementor-widget-text-editor\" data-id=\"71fc811\" data-element_type=\"widget\" data-e-type=\"widget\" data-widget_type=\"text-editor.default\">\n\t\t\t\t<div class=\"elementor-widget-container\">\n\t\t\t\t\t\t\t\t\t<p class=\"p1\"><strong>Formula GT GmbH<br \/><\/strong>Olschewskibogen 5<br \/>80935 Munich<br \/>Germany<\/p><p>Phone: +49 89 304350<br \/>Fax: +49 89 304360<\/p><p class=\"p1\">E-mail: shop@formulagt.de<br \/>Internet: www.formulagt.de<\/p><p class=\"p1\">Managing Director with power of representation: Dipl. Ing. P. Praller<br \/>Register Court: Munich Local Court<br \/>Registration number: HRB 154518<br \/>Sales tax identification number according to \u00a7 27 a Sales Tax Act: DE268570044<\/p><p class=\"p1\">Bank details<br \/>Raiffeisen Landesbank Ober\u00f6sterreich AG<br \/>Branch Office South Germany<br \/>IBAN: DE84 7402 0100 0008 6030 45<br \/>SWIFT\/BIC code: RZOODE77<br \/>Account no.: 8603045<br \/>BANK ACCOUNT: 740 201 00<\/p><p class=\"p1\">Liability notice<br \/>Despite careful control of the contents, we do not assume any liability for the contents of external links.<\/p>\t\t\t\t\t\t\t\t<\/div>\n\t\t\t\t<\/div>\n\t\t\t\t\t<\/div>\n\t\t<\/div>\n\t\t\t\t<div class=\"elementor-column elementor-col-50 elementor-top-column elementor-element elementor-element-185b81e\" data-id=\"185b81e\" data-element_type=\"column\" data-e-type=\"column\">\n\t\t\t<div class=\"elementor-widget-wrap elementor-element-populated\">\n\t\t\t\t\t\t<div class=\"elementor-element elementor-element-07435ad elementor-widget elementor-widget-image\" data-id=\"07435ad\" data-element_type=\"widget\" data-e-type=\"widget\" data-widget_type=\"image.default\">\n\t\t\t\t<div class=\"elementor-widget-container\">\n\t\t\t\t\t\t\t\t\t\t\t\t\t\t\t<img fetchpriority=\"high\" decoding=\"async\" width=\"335\" height=\"368\" src=\"https:\/\/shop.formulagt.de\/wp-content\/uploads\/2020\/12\/formulagt-felgenmutter.png\" class=\"attachment-full size-full wp-image-285\" alt=\"\" srcset=\"https:\/\/shop.formulagt.de\/wp-content\/uploads\/2020\/12\/formulagt-felgenmutter.png 335w, https:\/\/shop.formulagt.de\/wp-content\/uploads\/2020\/12\/formulagt-felgenmutter-273x300.png 273w\" sizes=\"(max-width: 335px) 100vw, 335px\" \/>\t\t\t\t\t\t\t\t\t\t\t\t\t\t\t<\/div>\n\t\t\t\t<\/div>\n\t\t\t\t\t<\/div>\n\t\t<\/div>\n\t\t\t\t\t<\/div>\n\t\t<\/section>\n\t\t\t\t<section class=\"elementor-section elementor-top-section elementor-element elementor-element-2fb5ef3 elementor-section-boxed elementor-section-height-default elementor-section-height-default\" data-id=\"2fb5ef3\" data-element_type=\"section\" data-e-type=\"section\">\n\t\t\t\t\t\t<div class=\"elementor-container elementor-column-gap-default\">\n\t\t\t\t\t<div class=\"elementor-column elementor-col-100 elementor-top-column elementor-element elementor-element-2f69fee\" data-id=\"2f69fee\" data-element_type=\"column\" data-e-type=\"column\">\n\t\t\t<div class=\"elementor-widget-wrap elementor-element-populated\">\n\t\t\t\t\t\t<div class=\"elementor-element elementor-element-3d2d4fc elementor-widget-divider--view-line elementor-widget elementor-widget-divider\" data-id=\"3d2d4fc\" data-element_type=\"widget\" data-e-type=\"widget\" data-widget_type=\"divider.default\">\n\t\t\t\t<div class=\"elementor-widget-container\">\n\t\t\t\t\t\t\t<div class=\"elementor-divider\">\n\t\t\t<span class=\"elementor-divider-separator\">\n\t\t\t\t\t\t<\/span>\n\t\t<\/div>\n\t\t\t\t\t\t<\/div>\n\t\t\t\t<\/div>\n\t\t\t\t<div class=\"elementor-element elementor-element-0095967 elementor-widget elementor-widget-text-editor\" data-id=\"0095967\" data-element_type=\"widget\" data-e-type=\"widget\" data-widget_type=\"text-editor.default\">\n\t\t\t\t<div class=\"elementor-widget-container\">\n\t\t\t\t\t\t\t\t\t<p class=\"p1\"><strong>Design and programming webshop<br \/><\/strong>brandlevel GmbH<br \/>Nymphenburger Str. 58-60 Rgb.<br \/>80335 Munich<br \/>Tel.: +49 89 21 54 65 60<br \/>eMail: <a href=\"mailto:mail@brandlevel.de\">mail@brandlevel.de<\/a><br \/>Web: <a href=\"https:\/\/brandlevel.de\" target=\"_blank\" rel=\"noopener\">www.brandlevel.de<\/a><\/p><p>\u00a9 2022 brandlevel GmbH<\/p>\t\t\t\t\t\t\t\t<\/div>\n\t\t\t\t<\/div>\n\t\t\t\t<div class=\"elementor-element elementor-element-909936b elementor-widget elementor-widget-spacer\" data-id=\"909936b\" data-element_type=\"widget\" data-e-type=\"widget\" data-widget_type=\"spacer.default\">\n\t\t\t\t<div class=\"elementor-widget-container\">\n\t\t\t\t\t\t\t<div class=\"elementor-spacer\">\n\t\t\t<div class=\"elementor-spacer-inner\"><\/div>\n\t\t<\/div>\n\t\t\t\t\t\t<\/div>\n\t\t\t\t<\/div>\n\t\t\t\t\t<\/div>\n\t\t<\/div>\n\t\t\t\t\t<\/div>\n\t\t<\/section>\n\t\t\t\t<\/div>","protected":false},"excerpt":{"rendered":"<p>Racing for Enthusiasts Impressum Formula GT GmbHOlschewskibogen 580935 M\u00fcnchenDeutschland Telefon: +49 89 304350Telefax: +49 89 304360 E-Mail: shop@formulagt.deInternet: www.formulagt.de Vertretungsberechtigter Gesch\u00e4ftsf\u00fchrer: Dipl. Ing. P. PrallerRegistergericht: Amtsgericht M\u00fcnchenRegisternummer: HRB 154518Umsatzsteuer-Identifikationsnummer gem\u00e4\u00df \u00a7 27 a Umsatzsteuergesetz: DE268570044 BankverbindungRaiffeisen Landesbank Ober\u00f6sterreich AGZweigniederlassung S\u00fcddeutschlandIBAN: DE84 7402 0100 0008 6030 45SWIFT\/BIC-Code: RZOODE77Konto-Nr.: 8603045BLZ: 740 201 00 HaftungshinweisTrotz sorgf\u00e4ltiger inhaltlicher Kontrolle [&hellip;]<\/p>\n","protected":false},"author":1,"featured_media":0,"parent":0,"menu_order":0,"comment_status":"closed","ping_status":"closed","template":"elementor_header_footer","meta":{"footnotes":""},"class_list":["post-3026","page","type-page","status-publish","hentry"],"_links":{"self":[{"href":"https:\/\/shop.formulagt.de\/en\/wp-json\/wp\/v2\/pages\/3026","targetHints":{"allow":["GET"]}}],"collection":[{"href":"https:\/\/shop.formulagt.de\/en\/wp-json\/wp\/v2\/pages"}],"about":[{"href":"https:\/\/shop.formulagt.de\/en\/wp-json\/wp\/v2\/types\/page"}],"author":[{"embeddable":true,"href":"https:\/\/shop.formulagt.de\/en\/wp-json\/wp\/v2\/users\/1"}],"replies":[{"embeddable":true,"href":"https:\/\/shop.formulagt.de\/en\/wp-json\/wp\/v2\/comments?post=3026"}],"version-history":[{"count":0,"href":"https:\/\/shop.formulagt.de\/en\/wp-json\/wp\/v2\/pages\/3026\/revisions"}],"wp:attachment":[{"href":"https:\/\/shop.formulagt.de\/en\/wp-json\/wp\/v2\/media?parent=3026"}],"curies":[{"name":"wp","href":"https:\/\/api.w.org\/{rel}","templated":true}]}}